{"id":30,"date":"2022-07-12T16:39:42","date_gmt":"2022-07-12T21:39:42","guid":{"rendered":"https:\/\/cocosmica.net\/?page_id=30"},"modified":"2022-12-05T23:54:21","modified_gmt":"2022-12-06T04:54:21","slug":"inicio","status":"publish","type":"page","link":"https:\/\/cocosmica.net\/","title":{"rendered":"inicio"},"content":{"rendered":"<p>[et_pb_section fb_built=&#8221;1&#8243; _builder_version=&#8221;4.6.1&#8243; _module_preset=&#8221;default&#8221; background_color=&#8221;rgba(0,0,0,0)&#8221; background_image=&#8221;https:\/\/cocosmica.net\/wp-content\/uploads\/2022\/08\/head_02.jpg&#8221; background_size=&#8221;contain&#8221; background_position=&#8221;top_right&#8221; background_repeat=&#8221;repeat-x&#8221; min_height=&#8221;750px&#8221; height=&#8221;750px&#8221; max_height=&#8221;750px&#8221; custom_padding=&#8221;0px||||false|false&#8221; custom_css_main_element=&#8221;background:none;&#8221; border_color_all=&#8221;rgba(0,0,0,0)&#8221; border_style_all=&#8221;none&#8221;][et_pb_row admin_label=&#8221;rana_centro&#8221; _builder_version=&#8221;4.6.1&#8243; _module_preset=&#8221;default&#8221; positioning=&#8221;none&#8221; position_origin_f=&#8221;top_center&#8221; z_index=&#8221;29&#8243; custom_margin=&#8221;0px||0px||false|false&#8221; custom_padding=&#8221;0px||0px||false|false&#8221;][et_pb_column type=&#8221;4_4&#8243; _builder_version=&#8221;4.6.1&#8243; _module_preset=&#8221;default&#8221;][et_pb_image src=&#8221;https:\/\/cocosmica.net\/wp-content\/uploads\/2022\/07\/rana_amarilla_500.png&#8221; title_text=&#8221;rana_amarilla_500&#8243; align=&#8221;center&#8221; _builder_version=&#8221;4.6.1&#8243; _module_preset=&#8221;default&#8221; module_alignment=&#8221;center&#8221; min_height=&#8221;500px&#8221; height=&#8221;500px&#8221; max_height=&#8221;500px&#8221; custom_margin=&#8221;0px||0px||false|false&#8221; custom_padding=&#8221;0px||0px||false|false&#8221; filter_hue_rotate=&#8221;249deg&#8221; filter_saturate=&#8221;179%&#8221; filter_brightness=&#8221;0%&#8221; filter_contrast=&#8221;180%&#8221;][\/et_pb_image][\/et_pb_column][\/et_pb_row][et_pb_row admin_label=&#8221;texto&#8221; _builder_version=&#8221;4.6.1&#8243; _module_preset=&#8221;default&#8221; custom_margin=&#8221;0px||||false|false&#8221; custom_padding=&#8221;10px||10px||true|false&#8221; hover_enabled=&#8221;0&#8243; sticky_enabled=&#8221;0&#8243; background_color=&#8221;rgba(255,255,255,0.4)&#8221; background__hover_enabled=&#8221;on|hover&#8221; background_color__hover=&#8221;#ffffff&#8221; background_enable_color__hover=&#8221;on&#8221;][et_pb_column type=&#8221;4_4&#8243; _builder_version=&#8221;4.6.1&#8243; _module_preset=&#8221;default&#8221;][et_pb_text _builder_version=&#8221;4.6.1&#8243; _module_preset=&#8221;default&#8221; text_text_color=&#8221;#00457a&#8221; text_font_size=&#8221;15px&#8221; custom_padding=&#8221;|5%||5%|false|true&#8221;]<\/p>\n<p>Este colectivo trabaja con estudiantes, comunidades y profesores con inter\u00e9s en temas como el pensamiento no binario y decolonialidad de la espiritualidad, creaci\u00f3n en contextos ancestrales, propuestas de resignificaci\u00f3n intercultural e intracultural y saberes multidimensionales. Parte de reconocer que los saberes ancestrales y espirituales de los pueblos originarios son pr\u00e1cticas comunicacionales creativas que permiten procesos de resignificaci\u00f3n, reapropiaci\u00f3n y sostenimiento cultural, que han potenciado las identidades para la defensa y la protecci\u00f3n de los territorios.<\/p>\n<p>[\/et_pb_text][\/et_pb_column][\/et_pb_row][\/et_pb_section]<\/p>\n","protected":false},"excerpt":{"rendered":"<p>[et_pb_section fb_built=&#8221;1&#8243; _builder_version=&#8221;4.6.1&#8243; _module_preset=&#8221;default&#8221; background_color=&#8221;rgba(0,0,0,0)&#8221; background_image=&#8221;https:\/\/cocosmica.net\/wp-content\/uploads\/2022\/08\/head_02.jpg&#8221; background_size=&#8221;contain&#8221; background_position=&#8221;top_right&#8221; background_repeat=&#8221;repeat-x&#8221; min_height=&#8221;750px&#8221; height=&#8221;750px&#8221; max_height=&#8221;750px&#8221; custom_padding=&#8221;0px||||false|false&#8221; custom_css_main_element=&#8221;background:none;&#8221; border_color_all=&#8221;rgba(0,0,0,0)&#8221; border_style_all=&#8221;none&#8221;][et_pb_row admin_label=&#8221;rana_centro&#8221; _builder_version=&#8221;4.6.1&#8243; _module_preset=&#8221;default&#8221; positioning=&#8221;none&#8221; position_origin_f=&#8221;top_center&#8221; z_index=&#8221;29&#8243; custom_margin=&#8221;0px||0px||false|false&#8221; custom_padding=&#8221;0px||0px||false|false&#8221;][et_pb_column type=&#8221;4_4&#8243; _builder_version=&#8221;4.6.1&#8243; _module_preset=&#8221;default&#8221;][et_pb_image src=&#8221;https:\/\/cocosmica.net\/wp-content\/uploads\/2022\/07\/rana_amarilla_500.png&#8221; title_text=&#8221;rana_amarilla_500&#8243; align=&#8221;center&#8221; _builder_version=&#8221;4.6.1&#8243; _module_preset=&#8221;default&#8221; module_alignment=&#8221;center&#8221; min_height=&#8221;500px&#8221; height=&#8221;500px&#8221; max_height=&#8221;500px&#8221; custom_margin=&#8221;0px||0px||false|false&#8221; custom_padding=&#8221;0px||0px||false|false&#8221; filter_hue_rotate=&#8221;249deg&#8221; filter_saturate=&#8221;179%&#8221; filter_brightness=&#8221;0%&#8221; filter_contrast=&#8221;180%&#8221;][\/et_pb_image][\/et_pb_column][\/et_pb_row][et_pb_row admin_label=&#8221;texto&#8221; _builder_version=&#8221;4.6.1&#8243; _module_preset=&#8221;default&#8221; custom_margin=&#8221;0px||||false|false&#8221; custom_padding=&#8221;10px||10px||true|false&#8221; hover_enabled=&#8221;0&#8243; sticky_enabled=&#8221;0&#8243; background_color=&#8221;rgba(255,255,255,0.4)&#8221; background__hover_enabled=&#8221;on|hover&#8221; background_color__hover=&#8221;#ffffff&#8221; background_enable_color__hover=&#8221;on&#8221;][et_pb_column type=&#8221;4_4&#8243; _builder_version=&#8221;4.6.1&#8243; [&hellip;]<\/p>\n","protected":false},"author":1,"featured_media":0,"parent":0,"menu_order":0,"comment_status":"closed","ping_status":"closed","template":"","meta":{"_et_pb_use_builder":"on","_et_pb_old_content":"","_et_gb_content_width":"","footnotes":""},"class_list":["post-30","page","type-page","status-publish","hentry"],"_links":{"self":[{"href":"https:\/\/cocosmica.net\/index.php\/wp-json\/wp\/v2\/pages\/30","targetHints":{"allow":["GET"]}}],"collection":[{"href":"https:\/\/cocosmica.net\/index.php\/wp-json\/wp\/v2\/pages"}],"about":[{"href":"https:\/\/cocosmica.net\/index.php\/wp-json\/wp\/v2\/types\/page"}],"author":[{"embeddable":true,"href":"https:\/\/cocosmica.net\/index.php\/wp-json\/wp\/v2\/users\/1"}],"replies":[{"embeddable":true,"href":"https:\/\/cocosmica.net\/index.php\/wp-json\/wp\/v2\/comments?post=30"}],"version-history":[{"count":72,"href":"https:\/\/cocosmica.net\/index.php\/wp-json\/wp\/v2\/pages\/30\/revisions"}],"predecessor-version":[{"id":2579,"href":"https:\/\/cocosmica.net\/index.php\/wp-json\/wp\/v2\/pages\/30\/revisions\/2579"}],"wp:attachment":[{"href":"https:\/\/cocosmica.net\/index.php\/wp-json\/wp\/v2\/media?parent=30"}],"curies":[{"name":"wp","href":"https:\/\/api.w.org\/{rel}","templated":true}]}}