{"id":2626,"date":"2023-02-11T14:39:51","date_gmt":"2023-02-11T19:39:51","guid":{"rendered":"https:\/\/cocosmica.net\/?page_id=2626"},"modified":"2023-02-11T15:06:30","modified_gmt":"2023-02-11T20:06:30","slug":"inicio-prueba-2","status":"publish","type":"page","link":"https:\/\/cocosmica.net\/index.php\/inicio-prueba-2\/","title":{"rendered":"inicio_prueba_2"},"content":{"rendered":"<p>[et_pb_section fb_built=&#8221;1&#8243; _builder_version=&#8221;4.6.1&#8243; _module_preset=&#8221;default&#8221; background_color=&#8221;rgba(0,0,0,0)&#8221; background_image=&#8221;https:\/\/cocosmica.net\/wp-content\/uploads\/2023\/02\/hd_inicio.png&#8221; background_size=&#8221;contain&#8221; background_position=&#8221;top_right&#8221; min_height=&#8221;750px&#8221; height=&#8221;750px&#8221; max_height=&#8221;750px&#8221; custom_padding=&#8221;0px||||false|false&#8221; border_color_all=&#8221;rgba(0,0,0,0)&#8221; border_style_all=&#8221;none&#8221;][et_pb_row admin_label=&#8221;rana_centro&#8221; _builder_version=&#8221;4.6.1&#8243; _module_preset=&#8221;default&#8221; background_enable_color=&#8221;off&#8221; background_enable_video_mp4=&#8221;off&#8221; positioning=&#8221;none&#8221; position_origin_f=&#8221;top_center&#8221; z_index=&#8221;29&#8243; width=&#8221;960px&#8221; max_width=&#8221;960px&#8221; min_height=&#8221;400px&#8221; height=&#8221;400px&#8221; max_height=&#8221;400px&#8221; custom_margin=&#8221;0px||0px||false|false&#8221; custom_padding=&#8221;0px||0px||false|false&#8221; custom_css_main_element=&#8221;border:none;&#8221; border_color_all=&#8221;rgba(0,0,0,0)&#8221; border_style_all=&#8221;none&#8221;][et_pb_column type=&#8221;4_4&#8243; _builder_version=&#8221;4.6.1&#8243; _module_preset=&#8221;default&#8221; border_color_all=&#8221;rgba(0,0,0,0)&#8221;][et_pb_video src=&#8221;https:\/\/cocosmica.net\/wp-content\/uploads\/2023\/02\/intro_cocolab_960_v2a.webm&#8221; src_webm=&#8221;https:\/\/cocosmica.net\/wp-content\/uploads\/2023\/02\/intro_cocolab_960_v2a.webm&#8221; play_icon_color=&#8221;rgba(0,0,0,0)&#8221; thumbnail_overlay_color=&#8221;rgba(0,0,0,0)&#8221; module_class=&#8221;dm-autoplay&#8221; _builder_version=&#8221;4.6.1&#8243; _module_preset=&#8221;default&#8221; animation_style=&#8221;slide&#8221; animation_direction=&#8221;bottom&#8221; animation_intensity_slide=&#8221;3%&#8221; hover_enabled=&#8221;0&#8243; custom_css_main_element=&#8221;border:none;&#8221; border_color_all=&#8221;rgba(0,0,0,0)&#8221; border_style_all=&#8221;none&#8221; box_shadow_style=&#8221;preset3&#8243; title_text=&#8221;intro_cocolab_960_v2a&#8221; sticky_enabled=&#8221;0&#8243;][\/et_pb_video][\/et_pb_column][\/et_pb_row][et_pb_row admin_label=&#8221;texto&#8221; _builder_version=&#8221;4.6.1&#8243; _module_preset=&#8221;default&#8221; background_color=&#8221;rgba(255,255,255,0.4)&#8221; custom_margin=&#8221;30px||||false|false&#8221; custom_padding=&#8221;10px||10px||true|false&#8221; background__hover_enabled=&#8221;on|hover&#8221; background_color__hover=&#8221;#ffffff&#8221; background_enable_color__hover=&#8221;on&#8221;][et_pb_column type=&#8221;4_4&#8243; _builder_version=&#8221;4.6.1&#8243; _module_preset=&#8221;default&#8221;][et_pb_text _builder_version=&#8221;4.6.1&#8243; _module_preset=&#8221;default&#8221; text_text_color=&#8221;#00457a&#8221; text_font_size=&#8221;15px&#8221; custom_padding=&#8221;|5%||5%|false|true&#8221;]<\/p>\n<p>Somos un <strong>colectivo interdisciplinario<\/strong> e intercultural que emerge de reconocer la importancia de los saberes ancestrales, y particularmente de los <strong>saberes espirituales<\/strong> y las pr\u00e1cticas comunicacionales &#8211; creativas de los <strong>pueblos originarios.<\/strong> El colectivo tiene como <strong>base te\u00f3rica<\/strong> la categor\u00eda <strong>Comunicaci\u00f3n C\u00f3smica<\/strong>, en ella se sostiene que estas pr\u00e1cticas ancestrales est\u00e1n siempre vinculadas a las cosmovisiones, y por lo tanto son atravesadas por sentidos espirituales articuladores de la vida individual y colectiva.<\/p>\n<p>[\/et_pb_text][\/et_pb_column][\/et_pb_row][\/et_pb_section]<\/p>\n","protected":false},"excerpt":{"rendered":"<p>[et_pb_section fb_built=&#8221;1&#8243; _builder_version=&#8221;4.6.1&#8243; _module_preset=&#8221;default&#8221; background_color=&#8221;rgba(0,0,0,0)&#8221; background_image=&#8221;https:\/\/cocosmica.net\/wp-content\/uploads\/2023\/02\/hd_inicio.png&#8221; background_size=&#8221;contain&#8221; background_position=&#8221;top_right&#8221; min_height=&#8221;750px&#8221; height=&#8221;750px&#8221; max_height=&#8221;750px&#8221; custom_padding=&#8221;0px||||false|false&#8221; border_color_all=&#8221;rgba(0,0,0,0)&#8221; border_style_all=&#8221;none&#8221;][et_pb_row admin_label=&#8221;rana_centro&#8221; _builder_version=&#8221;4.6.1&#8243; _module_preset=&#8221;default&#8221; background_enable_color=&#8221;off&#8221; background_enable_video_mp4=&#8221;off&#8221; positioning=&#8221;none&#8221; position_origin_f=&#8221;top_center&#8221; z_index=&#8221;29&#8243; width=&#8221;960px&#8221; max_width=&#8221;960px&#8221; min_height=&#8221;400px&#8221; height=&#8221;400px&#8221; max_height=&#8221;400px&#8221; custom_margin=&#8221;0px||0px||false|false&#8221; custom_padding=&#8221;0px||0px||false|false&#8221; custom_css_main_element=&#8221;border:none;&#8221; border_color_all=&#8221;rgba(0,0,0,0)&#8221; border_style_all=&#8221;none&#8221;][et_pb_column type=&#8221;4_4&#8243; _builder_version=&#8221;4.6.1&#8243; _module_preset=&#8221;default&#8221; border_color_all=&#8221;rgba(0,0,0,0)&#8221;][et_pb_video src=&#8221;https:\/\/cocosmica.net\/wp-content\/uploads\/2023\/02\/intro_cocolab_960_v2a.webm&#8221; src_webm=&#8221;https:\/\/cocosmica.net\/wp-content\/uploads\/2023\/02\/intro_cocolab_960_v2a.webm&#8221; play_icon_color=&#8221;rgba(0,0,0,0)&#8221; thumbnail_overlay_color=&#8221;rgba(0,0,0,0)&#8221; module_class=&#8221;dm-autoplay&#8221; _builder_version=&#8221;4.6.1&#8243; _module_preset=&#8221;default&#8221; animation_style=&#8221;slide&#8221; animation_direction=&#8221;bottom&#8221; animation_intensity_slide=&#8221;3%&#8221; hover_enabled=&#8221;0&#8243; custom_css_main_element=&#8221;border:none;&#8221; border_color_all=&#8221;rgba(0,0,0,0)&#8221; border_style_all=&#8221;none&#8221; box_shadow_style=&#8221;preset3&#8243; title_text=&#8221;intro_cocolab_960_v2a&#8221; sticky_enabled=&#8221;0&#8243;][\/et_pb_video][\/et_pb_column][\/et_pb_row][et_pb_row admin_label=&#8221;texto&#8221; _builder_version=&#8221;4.6.1&#8243; [&hellip;]<\/p>\n","protected":false},"author":1,"featured_media":0,"parent":0,"menu_order":0,"comment_status":"closed","ping_status":"closed","template":"","meta":{"_et_pb_use_builder":"on","_et_pb_old_content":"","_et_gb_content_width":"","footnotes":""},"class_list":["post-2626","page","type-page","status-publish","hentry"],"_links":{"self":[{"href":"https:\/\/cocosmica.net\/index.php\/wp-json\/wp\/v2\/pages\/2626","targetHints":{"allow":["GET"]}}],"collection":[{"href":"https:\/\/cocosmica.net\/index.php\/wp-json\/wp\/v2\/pages"}],"about":[{"href":"https:\/\/cocosmica.net\/index.php\/wp-json\/wp\/v2\/types\/page"}],"author":[{"embeddable":true,"href":"https:\/\/cocosmica.net\/index.php\/wp-json\/wp\/v2\/users\/1"}],"replies":[{"embeddable":true,"href":"https:\/\/cocosmica.net\/index.php\/wp-json\/wp\/v2\/comments?post=2626"}],"version-history":[{"count":4,"href":"https:\/\/cocosmica.net\/index.php\/wp-json\/wp\/v2\/pages\/2626\/revisions"}],"predecessor-version":[{"id":2631,"href":"https:\/\/cocosmica.net\/index.php\/wp-json\/wp\/v2\/pages\/2626\/revisions\/2631"}],"wp:attachment":[{"href":"https:\/\/cocosmica.net\/index.php\/wp-json\/wp\/v2\/media?parent=2626"}],"curies":[{"name":"wp","href":"https:\/\/api.w.org\/{rel}","templated":true}]}}