{"id":1463,"date":"2022-08-18T07:01:46","date_gmt":"2022-08-18T12:01:46","guid":{"rendered":"https:\/\/cocosmica.net\/?page_id=1463"},"modified":"2022-08-18T07:13:34","modified_gmt":"2022-08-18T12:13:34","slug":"el-origen-blanco","status":"publish","type":"page","link":"https:\/\/cocosmica.net\/index.php\/el-origen-blanco\/","title":{"rendered":"El origen blanco"},"content":{"rendered":"<p>[et_pb_section fb_built=&#8221;1&#8243; _builder_version=&#8221;4.6.1&#8243; _module_preset=&#8221;default&#8221; background_color=&#8221;rgba(0,0,0,0)&#8221; background_image=&#8221;https:\/\/cocosmica.net\/wp-content\/uploads\/2022\/08\/head_el_inicio_bl_def.jpg&#8221; background_size=&#8221;contain&#8221; background_position=&#8221;top_right&#8221; hover_enabled=&#8221;0&#8243; title_text=&#8221;head_el_inicio_bl_def&#8221; sticky_enabled=&#8221;0&#8243;][et_pb_row _builder_version=&#8221;4.6.1&#8243; _module_preset=&#8221;default&#8221; background_image=&#8221;https:\/\/cocosmica.net\/wp-content\/uploads\/2022\/08\/encabezado_titulo_v3.png&#8221; background_position=&#8221;top_center&#8221; background_enable_video_mp4=&#8221;off&#8221; box_shadow_style=&#8221;preset3&#8243;][et_pb_column type=&#8221;4_4&#8243; _builder_version=&#8221;4.6.1&#8243; _module_preset=&#8221;default&#8221;][et_pb_image src=&#8221;https:\/\/cocosmica.net\/wp-content\/uploads\/2022\/08\/separa_title_orign_2.gif&#8221; title_text=&#8221;separa_title_orign_2&#8243; _builder_version=&#8221;4.6.1&#8243; _module_preset=&#8221;default&#8221; width=&#8221;350px&#8221; max_width=&#8221;350px&#8221; module_alignment=&#8221;left&#8221; custom_css_before=&#8221;content: url(https:\/\/cocosmica.net\/wp-content\/uploads\/2022\/08\/icon_tit_vl.png);||display: block;||position: absolute;||left: -85px;||top: -15px;&#8221;][\/et_pb_image][\/et_pb_column][\/et_pb_row][et_pb_row column_structure=&#8221;1_3,1_3,1_3&#8243; make_equal=&#8221;on&#8221; _builder_version=&#8221;4.6.1&#8243; _module_preset=&#8221;default&#8221; custom_margin=&#8221;||0px||false|false&#8221; custom_padding=&#8221;||10px||false|false&#8221; custom_css_main_element=&#8221;display: flex;||  align-items: flex-end;&#8221;][et_pb_column type=&#8221;1_3&#8243; _builder_version=&#8221;4.6.1&#8243; _module_preset=&#8221;default&#8221;][et_pb_text _builder_version=&#8221;4.6.1&#8243; _module_preset=&#8221;default&#8221; header_text_color=&#8221;rgba(0,0,0,0)&#8221; header_2_font=&#8221;Barlow Semi Condensed||||||||&#8221; header_2_text_align=&#8221;center&#8221; header_2_text_color=&#8221;#ffffff&#8221; header_2_font_size=&#8221;27px&#8221; background_enable_color=&#8221;off&#8221; use_background_color_gradient=&#8221;on&#8221; background_color_gradient_start=&#8221;rgba(0,170,175,0.13)&#8221; background_color_gradient_end=&#8221;rgba(85,0,96,0.55)&#8221; background_color_gradient_start_position=&#8221;5%&#8221; background_color_gradient_end_position=&#8221;45%&#8221; background_layout=&#8221;dark&#8221; custom_margin=&#8221;0px||20px||false|false&#8221; custom_padding=&#8221;10px||0px|10px|false|false&#8221; animation_style=&#8221;slide&#8221; animation_direction=&#8221;top&#8221; animation_intensity_slide=&#8221;10%&#8221; custom_css_before=&#8221;\/*content: url(https:\/\/cocosmica.net\/wp-content\/uploads\/2022\/07\/icon_tit_3.png);||display: block;||position: absolute;||left: -85px;||top: -15px;*\/&#8221; header_text_shadow_style=&#8221;preset1&#8243; header_text_shadow_color=&#8221;rgba(0,0,0,0.2)&#8221; header_2_text_shadow_style=&#8221;preset1&#8243; header_2_text_shadow_vertical_length=&#8221;0.06em&#8221; header_2_text_shadow_blur_strength=&#8221;0.07em&#8221; header_2_text_shadow_color=&#8221;rgba(0,0,0,0.5)&#8221; border_width_bottom=&#8221;1px&#8221; border_color_bottom=&#8221;#edf000&#8243; border_style_bottom=&#8221;dashed&#8221;]<\/p>\n<h2>CONSTRUCCI\u00d3N DE PUEBLO Y RESPETAR EL CAMINO<\/h2>\n<p>[\/et_pb_text][\/et_pb_column][et_pb_column type=&#8221;1_3&#8243; _builder_version=&#8221;4.6.1&#8243; _module_preset=&#8221;default&#8221;][et_pb_text _builder_version=&#8221;4.6.1&#8243; _module_preset=&#8221;default&#8221; header_text_color=&#8221;rgba(0,0,0,0)&#8221; header_2_font=&#8221;Barlow Semi Condensed||||||||&#8221; header_2_text_align=&#8221;center&#8221; header_2_text_color=&#8221;#ffffff&#8221; header_2_font_size=&#8221;27px&#8221; background_enable_color=&#8221;off&#8221; use_background_color_gradient=&#8221;on&#8221; background_color_gradient_start=&#8221;rgba(0,170,175,0.13)&#8221; background_color_gradient_end=&#8221;rgba(85,0,96,0.55)&#8221; background_color_gradient_start_position=&#8221;5%&#8221; background_color_gradient_end_position=&#8221;45%&#8221; background_layout=&#8221;dark&#8221; custom_margin=&#8221;0px||20px||false|false&#8221; custom_padding=&#8221;10px||0px|10px|false|false&#8221; animation_style=&#8221;slide&#8221; animation_direction=&#8221;top&#8221; animation_intensity_slide=&#8221;10%&#8221; custom_css_before=&#8221;\/*content: url(https:\/\/cocosmica.net\/wp-content\/uploads\/2022\/07\/icon_tit_3.png);||display: block;||position: absolute;||left: -85px;||top: -15px;*\/&#8221; header_text_shadow_style=&#8221;preset1&#8243; header_text_shadow_color=&#8221;rgba(0,0,0,0.2)&#8221; header_2_text_shadow_style=&#8221;preset1&#8243; header_2_text_shadow_vertical_length=&#8221;0.06em&#8221; header_2_text_shadow_blur_strength=&#8221;0.07em&#8221; header_2_text_shadow_color=&#8221;rgba(0,0,0,0.5)&#8221; border_width_bottom=&#8221;1px&#8221; border_color_bottom=&#8221;#edf000&#8243; border_style_bottom=&#8221;dashed&#8221;]<\/p>\n<h2>JUSTICIA Y RECONOCIMIENTO PROPIO<\/h2>\n<p>[\/et_pb_text][\/et_pb_column][et_pb_column type=&#8221;1_3&#8243; _builder_version=&#8221;4.6.1&#8243; _module_preset=&#8221;default&#8221;][et_pb_text _builder_version=&#8221;4.6.1&#8243; _module_preset=&#8221;default&#8221; header_text_color=&#8221;rgba(0,0,0,0)&#8221; header_2_font=&#8221;Barlow Semi Condensed||||||||&#8221; header_2_text_align=&#8221;center&#8221; header_2_text_color=&#8221;#ffffff&#8221; header_2_font_size=&#8221;27px&#8221; background_enable_color=&#8221;off&#8221; use_background_color_gradient=&#8221;on&#8221; background_color_gradient_start=&#8221;rgba(0,170,175,0.13)&#8221; background_color_gradient_end=&#8221;rgba(85,0,96,0.55)&#8221; background_color_gradient_start_position=&#8221;5%&#8221; background_color_gradient_end_position=&#8221;45%&#8221; background_layout=&#8221;dark&#8221; custom_margin=&#8221;0px||20px||false|false&#8221; custom_padding=&#8221;10px||0px|10px|false|false&#8221; animation_style=&#8221;slide&#8221; animation_direction=&#8221;top&#8221; animation_intensity_slide=&#8221;10%&#8221; custom_css_before=&#8221;\/*content: url(https:\/\/cocosmica.net\/wp-content\/uploads\/2022\/07\/icon_tit_3.png);||display: block;||position: absolute;||left: -85px;||top: -15px;*\/&#8221; header_text_shadow_style=&#8221;preset1&#8243; header_text_shadow_color=&#8221;rgba(0,0,0,0.2)&#8221; header_2_text_shadow_style=&#8221;preset1&#8243; header_2_text_shadow_vertical_length=&#8221;0.06em&#8221; header_2_text_shadow_blur_strength=&#8221;0.07em&#8221; header_2_text_shadow_color=&#8221;rgba(0,0,0,0.5)&#8221; border_width_bottom=&#8221;1px&#8221; border_color_bottom=&#8221;#edf000&#8243; border_style_bottom=&#8221;dashed&#8221;]<\/p>\n<h2>EDUCACI\u00d3N POL\u00cdTICA Y CIUDADANA, EST\u00c9TICA E INTERCULTURALIDAD<\/h2>\n<p>[\/et_pb_text][\/et_pb_column][\/et_pb_row][et_pb_row column_structure=&#8221;1_3,1_3,1_3&#8243; _builder_version=&#8221;4.6.1&#8243; _module_preset=&#8221;default&#8221; custom_margin=&#8221;0px||0px||false|false&#8221; custom_padding=&#8221;0px||0px||false|false&#8221;][et_pb_column type=&#8221;1_3&#8243; _builder_version=&#8221;4.6.1&#8243; _module_preset=&#8221;default&#8221;][et_pb_image src=&#8221;https:\/\/cocosmica.net\/wp-content\/uploads\/2022\/08\/logo_elorigen_def.gif&#8221; title_text=&#8221;logo_elorigen_def&#8221; url=&#8221;@ET-DC@eyJkeW5hbWljIjp0cnVlLCJjb250ZW50IjoicG9zdF9saW5rX3VybF9wcm9qZWN0Iiwic2V0dGluZ3MiOnsicG9zdF9pZCI6IjI0OSJ9fQ==@&#8221; _builder_version=&#8221;4.6.1&#8243; _dynamic_attributes=&#8221;url&#8221; _module_preset=&#8221;default&#8221; animation_style=&#8221;slide&#8221; animation_direction=&#8221;left&#8221; animation_intensity_slide=&#8221;20%&#8221; src__hover_enabled=&#8221;on|hover&#8221; background__hover_enabled=&#8221;on|hover&#8221; use_background_color_gradient__hover=&#8221;on&#8221; background_color_gradient_start__hover=&#8221;#29c4a9&#8243; background_color_gradient_end__hover=&#8221;#2b87da&#8221; background_color_gradient_overlays_image__hover=&#8221;on&#8221; transform_styles__hover_enabled=&#8221;on|hover&#8221; transform_scale__hover_enabled=&#8221;on|hover&#8221; transform_translate__hover_enabled=&#8221;on|hover&#8221; transform_rotate__hover_enabled=&#8221;on|hover&#8221; transform_skew__hover_enabled=&#8221;on|hover&#8221; transform_origin__hover_enabled=&#8221;on|hover&#8221; transform_scale__hover=&#8221;105%|105%&#8221; filter_hue_rotate__hover_enabled=&#8221;on|hover&#8221; filter_hue_rotate__hover=&#8221;0deg&#8221; filter_sepia__hover_enabled=&#8221;on|hover&#8221; filter_sepia__hover=&#8221;0%&#8221; filter_invert__hover_enabled=&#8221;on|hover&#8221; filter_invert__hover=&#8221;10%&#8221; src__hover=&#8221;https:\/\/cocosmica.net\/wp-content\/uploads\/2022\/07\/01_origen_01.jpg&#8221;][\/et_pb_image][\/et_pb_column][et_pb_column type=&#8221;1_3&#8243; _builder_version=&#8221;4.6.1&#8243; _module_preset=&#8221;default&#8221;][et_pb_image src=&#8221;https:\/\/cocosmica.net\/wp-content\/uploads\/2022\/08\/logo_elorigen_def.gif&#8221; title_text=&#8221;logo_elorigen_def&#8221; url=&#8221;@ET-DC@eyJkeW5hbWljIjp0cnVlLCJjb250ZW50IjoicG9zdF9saW5rX3VybF9wcm9qZWN0Iiwic2V0dGluZ3MiOnsicG9zdF9pZCI6IjY1MCJ9fQ==@&#8221; _builder_version=&#8221;4.6.1&#8243; _dynamic_attributes=&#8221;url&#8221; _module_preset=&#8221;default&#8221; animation_style=&#8221;slide&#8221; animation_direction=&#8221;bottom&#8221; animation_intensity_slide=&#8221;20%&#8221; src__hover_enabled=&#8221;on|hover&#8221; background__hover_enabled=&#8221;on|hover&#8221; use_background_color_gradient__hover=&#8221;off&#8221; background_color_gradient_start__hover=&#8221;#29c4a9&#8243; background_color_gradient_end__hover=&#8221;#2b87da&#8221; background_color_gradient_overlays_image__hover=&#8221;on&#8221; transform_styles__hover_enabled=&#8221;on|hover&#8221; transform_scale__hover_enabled=&#8221;on|hover&#8221; transform_translate__hover_enabled=&#8221;on|hover&#8221; transform_rotate__hover_enabled=&#8221;on|hover&#8221; transform_skew__hover_enabled=&#8221;on|hover&#8221; transform_origin__hover_enabled=&#8221;on|hover&#8221; transform_scale__hover=&#8221;105%|105%&#8221; filter_hue_rotate__hover_enabled=&#8221;on|hover&#8221; filter_hue_rotate__hover=&#8221;0deg&#8221; filter_sepia__hover_enabled=&#8221;on|hover&#8221; filter_sepia__hover=&#8221;0%&#8221; filter_invert__hover_enabled=&#8221;on|hover&#8221; filter_invert__hover=&#8221;10%&#8221; src__hover=&#8221;https:\/\/cocosmica.net\/wp-content\/uploads\/2022\/07\/01_origen_02.jpg&#8221;][\/et_pb_image][\/et_pb_column][et_pb_column type=&#8221;1_3&#8243; _builder_version=&#8221;4.6.1&#8243; _module_preset=&#8221;default&#8221;][et_pb_image src=&#8221;https:\/\/cocosmica.net\/wp-content\/uploads\/2022\/08\/logo_elorigen_def.gif&#8221; title_text=&#8221;logo_elorigen_def&#8221; url=&#8221;@ET-DC@eyJkeW5hbWljIjp0cnVlLCJjb250ZW50IjoicG9zdF9saW5rX3VybF9wcm9qZWN0Iiwic2V0dGluZ3MiOnsicG9zdF9pZCI6Ijc4NyJ9fQ==@&#8221; _builder_version=&#8221;4.6.1&#8243; _dynamic_attributes=&#8221;url&#8221; _module_preset=&#8221;default&#8221; animation_style=&#8221;slide&#8221; animation_direction=&#8221;right&#8221; animation_intensity_slide=&#8221;20%&#8221; src__hover_enabled=&#8221;on|hover&#8221; background__hover_enabled=&#8221;on|hover&#8221; use_background_color_gradient__hover=&#8221;off&#8221; background_color_gradient_start__hover=&#8221;#29c4a9&#8243; background_color_gradient_end__hover=&#8221;#2b87da&#8221; background_color_gradient_overlays_image__hover=&#8221;on&#8221; transform_styles__hover_enabled=&#8221;on|hover&#8221; transform_scale__hover_enabled=&#8221;on|hover&#8221; transform_translate__hover_enabled=&#8221;on|hover&#8221; transform_rotate__hover_enabled=&#8221;on|hover&#8221; transform_skew__hover_enabled=&#8221;on|hover&#8221; transform_origin__hover_enabled=&#8221;on|hover&#8221; transform_scale__hover=&#8221;105%|105%&#8221; filter_hue_rotate__hover_enabled=&#8221;on|hover&#8221; filter_hue_rotate__hover=&#8221;0deg&#8221; filter_sepia__hover_enabled=&#8221;on|hover&#8221; filter_sepia__hover=&#8221;0%&#8221; filter_invert__hover_enabled=&#8221;on|hover&#8221; filter_invert__hover=&#8221;10%&#8221; src__hover=&#8221;https:\/\/cocosmica.net\/wp-content\/uploads\/2022\/07\/01_origen_03.jpg&#8221;][\/et_pb_image][\/et_pb_column][\/et_pb_row][\/et_pb_section]<\/p>\n","protected":false},"excerpt":{"rendered":"<p>[et_pb_section fb_built=&#8221;1&#8243; _builder_version=&#8221;4.6.1&#8243; _module_preset=&#8221;default&#8221; background_color=&#8221;rgba(0,0,0,0)&#8221; background_image=&#8221;https:\/\/cocosmica.net\/wp-content\/uploads\/2022\/08\/head_el_inicio_bl_def.jpg&#8221; background_size=&#8221;contain&#8221; background_position=&#8221;top_right&#8221; hover_enabled=&#8221;0&#8243; title_text=&#8221;head_el_inicio_bl_def&#8221; sticky_enabled=&#8221;0&#8243;][et_pb_row _builder_version=&#8221;4.6.1&#8243; _module_preset=&#8221;default&#8221; background_image=&#8221;https:\/\/cocosmica.net\/wp-content\/uploads\/2022\/08\/encabezado_titulo_v3.png&#8221; background_position=&#8221;top_center&#8221; background_enable_video_mp4=&#8221;off&#8221; box_shadow_style=&#8221;preset3&#8243;][et_pb_column type=&#8221;4_4&#8243; _builder_version=&#8221;4.6.1&#8243; _module_preset=&#8221;default&#8221;][et_pb_image src=&#8221;https:\/\/cocosmica.net\/wp-content\/uploads\/2022\/08\/separa_title_orign_2.gif&#8221; title_text=&#8221;separa_title_orign_2&#8243; _builder_version=&#8221;4.6.1&#8243; _module_preset=&#8221;default&#8221; width=&#8221;350px&#8221; max_width=&#8221;350px&#8221; module_alignment=&#8221;left&#8221; custom_css_before=&#8221;content: url(https:\/\/cocosmica.net\/wp-content\/uploads\/2022\/08\/icon_tit_vl.png);||display: block;||position: absolute;||left: -85px;||top: -15px;&#8221;][\/et_pb_image][\/et_pb_column][\/et_pb_row][et_pb_row column_structure=&#8221;1_3,1_3,1_3&#8243; make_equal=&#8221;on&#8221; _builder_version=&#8221;4.6.1&#8243; _module_preset=&#8221;default&#8221; custom_margin=&#8221;||0px||false|false&#8221; custom_padding=&#8221;||10px||false|false&#8221; custom_css_main_element=&#8221;display: flex;|| align-items: flex-end;&#8221;][et_pb_column type=&#8221;1_3&#8243; _builder_version=&#8221;4.6.1&#8243; _module_preset=&#8221;default&#8221;][et_pb_text _builder_version=&#8221;4.6.1&#8243; _module_preset=&#8221;default&#8221; header_text_color=&#8221;rgba(0,0,0,0)&#8221; header_2_font=&#8221;Barlow Semi Condensed||||||||&#8221; header_2_text_align=&#8221;center&#8221; header_2_text_color=&#8221;#ffffff&#8221; header_2_font_size=&#8221;27px&#8221; [&hellip;]<\/p>\n","protected":false},"author":1,"featured_media":0,"parent":0,"menu_order":0,"comment_status":"closed","ping_status":"closed","template":"","meta":{"_et_pb_use_builder":"on","_et_pb_old_content":"","_et_gb_content_width":"","footnotes":""},"class_list":["post-1463","page","type-page","status-publish","hentry"],"_links":{"self":[{"href":"https:\/\/cocosmica.net\/index.php\/wp-json\/wp\/v2\/pages\/1463","targetHints":{"allow":["GET"]}}],"collection":[{"href":"https:\/\/cocosmica.net\/index.php\/wp-json\/wp\/v2\/pages"}],"about":[{"href":"https:\/\/cocosmica.net\/index.php\/wp-json\/wp\/v2\/types\/page"}],"author":[{"embeddable":true,"href":"https:\/\/cocosmica.net\/index.php\/wp-json\/wp\/v2\/users\/1"}],"replies":[{"embeddable":true,"href":"https:\/\/cocosmica.net\/index.php\/wp-json\/wp\/v2\/comments?post=1463"}],"version-history":[{"count":4,"href":"https:\/\/cocosmica.net\/index.php\/wp-json\/wp\/v2\/pages\/1463\/revisions"}],"predecessor-version":[{"id":1471,"href":"https:\/\/cocosmica.net\/index.php\/wp-json\/wp\/v2\/pages\/1463\/revisions\/1471"}],"wp:attachment":[{"href":"https:\/\/cocosmica.net\/index.php\/wp-json\/wp\/v2\/media?parent=1463"}],"curies":[{"name":"wp","href":"https:\/\/api.w.org\/{rel}","templated":true}]}}