{"id":1335,"date":"2022-07-25T08:31:53","date_gmt":"2022-07-25T13:31:53","guid":{"rendered":"https:\/\/cocosmica.net\/?page_id=1335"},"modified":"2023-02-13T10:33:57","modified_gmt":"2023-02-13T15:33:57","slug":"sobre-la-comunicacion-cosmica","status":"publish","type":"page","link":"https:\/\/cocosmica.net\/index.php\/sobre-la-comunicacion-cosmica\/","title":{"rendered":"Sobre la comunicaci\u00f3n c\u00f3smica"},"content":{"rendered":"<p>[et_pb_section fb_built=&#8221;1&#8243; _builder_version=&#8221;4.6.1&#8243; _module_preset=&#8221;default&#8221; background_color=&#8221;rgba(0,0,0,0)&#8221; background_image=&#8221;https:\/\/cocosmica.net\/wp-content\/uploads\/2022\/08\/head_01.jpg&#8221; background_size=&#8221;initial&#8221; background_position=&#8221;top_right&#8221; custom_margin=&#8221;||15px|||&#8221; custom_padding=&#8221;||100px|||&#8221;][et_pb_row _builder_version=&#8221;4.6.1&#8243; _module_preset=&#8221;default&#8221; background_image=&#8221;https:\/\/cocosmica.net\/wp-content\/uploads\/2022\/08\/encabezado_titulo_v3.png&#8221; background_position=&#8221;top_center&#8221; box_shadow_style=&#8221;preset3&#8243; saved_tabs=&#8221;all&#8221;][et_pb_column type=&#8221;4_4&#8243; _builder_version=&#8221;4.6.1&#8243; _module_preset=&#8221;default&#8221;][et_pb_image src=&#8221;https:\/\/cocosmica.net\/wp-content\/uploads\/2022\/08\/sobre_coco.gif&#8221; title_text=&#8221;sobre_coco&#8221; _builder_version=&#8221;4.6.1&#8243; _module_preset=&#8221;default&#8221; width=&#8221;70%&#8221; max_width=&#8221;70%&#8221; custom_css_before=&#8221;content: url(https:\/\/cocosmica.net\/wp-content\/uploads\/2022\/08\/icon_tit_vl.png);||display: block;||position: absolute;||left: -85px;||top: -15px;&#8221;][\/et_pb_image][\/et_pb_column][\/et_pb_row][et_pb_row _builder_version=&#8221;4.6.1&#8243; _module_preset=&#8221;default&#8221;][et_pb_column type=&#8221;4_4&#8243; _builder_version=&#8221;4.6.1&#8243; _module_preset=&#8221;default&#8221;][et_pb_video src=&#8221;https:\/\/cocosmica.net\/wp-content\/uploads\/2023\/02\/00_diagrama_coco.webm&#8221; src_webm=&#8221;https:\/\/cocosmica.net\/wp-content\/uploads\/2023\/02\/00_diagrama_coco.webm&#8221; module_class=&#8221;dm-autoplay&#8221; _builder_version=&#8221;4.6.1&#8243; _module_preset=&#8221;default&#8221; width=&#8221;70%&#8221; module_alignment=&#8221;center&#8221; hover_enabled=&#8221;0&#8243; sticky_enabled=&#8221;0&#8243;][\/et_pb_video][\/et_pb_column][\/et_pb_row][et_pb_row use_custom_gutter=&#8221;on&#8221; gutter_width=&#8221;2&#8243; _builder_version=&#8221;4.6.1&#8243; _module_preset=&#8221;default&#8221; custom_margin=&#8221;0px||||false|false&#8221; custom_padding=&#8221;0px||||false|false&#8221;][et_pb_column type=&#8221;4_4&#8243; _builder_version=&#8221;4.6.1&#8243; _module_preset=&#8221;default&#8221; custom_padding=&#8221;||||false|false&#8221;][et_pb_text _builder_version=&#8221;4.6.1&#8243; _module_preset=&#8221;default&#8221; text_font=&#8221;||||||||&#8221; text_text_color=&#8221;#00457a&#8221; text_font_size=&#8221;15px&#8221; background_color=&#8221;rgba(255,255,255,0.6)&#8221; custom_margin=&#8221;||15px||false|false&#8221; custom_padding=&#8221;20px|15px|15px|15px|false|false&#8221; border_width_bottom=&#8221;1px&#8221; border_color_bottom=&#8221;#edf000&#8243; border_style_bottom=&#8221;dashed&#8221; background__hover_enabled=&#8221;on|hover&#8221; background_color__hover=&#8221;#ffffff&#8221; background_enable_color__hover=&#8221;on&#8221;]<\/p>\n<ul>\n<li>La <strong>CoCo<\/strong> se presenta como una articuladora entre saberes te\u00f3ricos (<strong>la interpertenencia simbi\u00f3tica<\/strong>, las ecolog\u00edas de Guattari incluido el espacio metaf\u00edsico), y la sistematizaci\u00f3n de componentes individuales (micro y macrocosmos, tiempo, sinton\u00eda y contemplaci\u00f3n) y colectivos (verdad, ser uno, equilibrio y resistencia).<\/li>\n<li>La <strong>CoCo<\/strong> nos permite mantenernos <strong>conectados<\/strong> con el entorno extendido desde los \u00f3rdenes <strong>de lo micro y lo macro<\/strong><\/li>\n<li>La <strong>CoCo<\/strong> considera un deber <strong>permanente leer e interpretar<\/strong> al mundo que rodea al ser humano<\/li>\n<li>La <strong>CoCo<\/strong> es una posibilidad de comunicaci\u00f3n donde el <strong>cosmos entabla un di\u00e1logo<\/strong> a trav\u00e9s de la sensibilidad de los sujetos<\/li>\n<\/ul>\n<p>[\/et_pb_text][et_pb_text _builder_version=&#8221;4.6.1&#8243; _module_preset=&#8221;default&#8221; text_font=&#8221;||||||||&#8221; text_text_color=&#8221;#00457a&#8221; text_font_size=&#8221;15px&#8221; background_color=&#8221;rgba(255,255,255,0.6)&#8221; custom_margin=&#8221;||15px||false|false&#8221; custom_padding=&#8221;20px|15px|15px|15px|false|false&#8221; border_width_bottom=&#8221;1px&#8221; border_color_bottom=&#8221;#edf000&#8243; border_style_bottom=&#8221;dashed&#8221; background__hover_enabled=&#8221;on|hover&#8221; background_color__hover=&#8221;#ffffff&#8221; background_enable_color__hover=&#8221;on&#8221;]<\/p>\n<ul>\n<li>La <strong>CoCo<\/strong> implica la Interpertenencia simbi\u00f3tica; nombre tomado de la biolog\u00eda como una imagen relacional, reconfigura el significado llevado de la <strong>dependencia<\/strong> o del dominio <strong>hacia la pertenencia mutua<\/strong>, trasciende las dimensiones de la existencia para dar cuenta del equilibrio o desequilibrio presente en las relaciones del cosmos del que hacemos parte.<\/li>\n<li>La <strong>CoCo<\/strong> nos invita a contemplar y, a partir de all\u00ed, a <strong>convertirnos en seres ampliados<\/strong>, menos fragmentados, que miran al desastre y denuncian el deshonor de ir contra el planeta.<\/li>\n<li>La <strong>CoCo<\/strong> se logra centrando todos los sentidos en percibir cuidadosamente, en atender lenguajes fugaces, en <strong>ser conscientemente<\/strong> parte de aquello que (se) contempla<\/li>\n<li>La <strong>CoCo<\/strong> parte de una <strong>conexi\u00f3n con todo lo existente<\/strong>, ocurre en las diversas direcciones del tiempo y del espacio, y logra moverse entre dimensiones enriquecedoras para el esp\u00edritu.<\/li>\n<\/ul>\n<p>[\/et_pb_text][et_pb_text _builder_version=&#8221;4.6.1&#8243; _module_preset=&#8221;default&#8221; text_font=&#8221;||||||||&#8221; text_text_color=&#8221;#00457a&#8221; text_font_size=&#8221;15px&#8221; background_color=&#8221;rgba(255,255,255,0.6)&#8221; custom_margin=&#8221;||5px||false|false&#8221; custom_padding=&#8221;20px|15px|15px|15px|false|false&#8221; border_width_bottom=&#8221;1px&#8221; border_color_bottom=&#8221;#edf000&#8243; border_style_bottom=&#8221;dashed&#8221; background__hover_enabled=&#8221;on|hover&#8221; background_color__hover=&#8221;#ffffff&#8221; background_enable_color__hover=&#8221;on&#8221;]<\/p>\n<ul>\n<li>La <strong>CoCo<\/strong> entiende que los encuentros colectivos en el espacio tiempo de lo sagrado, son acontecimientos de <strong>materializaci\u00f3n de la realidad desde la vivencia,<\/strong> son tiempos no lineales, son tiempos del ai\u00f3n. All\u00ed los ancestros participan activamente como una presencia del pasado en el presente; donde se trasciende el momento e instante en una <strong>dimensi\u00f3n que va m\u00e1s all\u00e1 del tiempo<\/strong>, articulando a los vivos con los antepasados en el proceso permanente de construcci\u00f3n de futuro desde el presente.<\/li>\n<li>La <strong>Co-Co<\/strong> es acontecimiento, renacimiento m\u00faltiple de variedad de grises, en la que objeto y sujeto se vinculan desde la transformaci\u00f3n y el cambio que son tanto inesperadas como m\u00e1gicas, haciendo <strong>confluir<\/strong> la interpertenencia entre el <strong>individuo y el universo<\/strong> a trav\u00e9s del tiempo del ai\u00f3n. Esta perspectiva multidimensional permite entender la convergencia de objetos sagrados, sujetos y situaciones donde los dise\u00f1os estables se subvierten gracias a la propiedad acontecimal de los rasgos que poseen los <strong>pueblos originarios<\/strong> que devienen a trav\u00e9s de los siglos con los saberes y vivencias de sus antepasados hasta el presente.<\/li>\n<\/ul>\n<p>[\/et_pb_text][\/et_pb_column][\/et_pb_row][et_pb_row use_custom_gutter=&#8221;on&#8221; gutter_width=&#8221;2&#8243; _builder_version=&#8221;4.6.1&#8243; _module_preset=&#8221;default&#8221;][et_pb_column type=&#8221;4_4&#8243; _builder_version=&#8221;4.6.1&#8243; _module_preset=&#8221;default&#8221; custom_padding=&#8221;||||false|false&#8221;][et_pb_text _builder_version=&#8221;4.6.1&#8243; _module_preset=&#8221;default&#8221; text_font=&#8221;Lora||||||||&#8221; text_font_size=&#8221;15px&#8221; header_3_font=&#8221;Abel|700|||||||&#8221; header_3_text_color=&#8221;#00457a&#8221; header_3_font_size=&#8221;25px&#8221; background_color=&#8221;#ffffff&#8221; background_layout=&#8221;dark&#8221; custom_padding=&#8221;20px|15px|15px|15px|false|false&#8221; border_width_bottom=&#8221;1px&#8221; border_color_bottom=&#8221;#edf000&#8243; border_style_bottom=&#8221;dashed&#8221; background__hover_enabled=&#8221;on|hover&#8221; background_color__hover=&#8221;rgba(255,255,255,0.6)&#8221; background_enable_color__hover=&#8221;on&#8221;]<\/p>\n<blockquote>\n<h3 style=\"text-align: left;\">La Rana C\u00f3smica, fue primero notas de diario, dibujo en borrador, diagrama organizador, y devino s\u00edntesis gr\u00e1fica de la propuesta.<\/h3>\n<\/blockquote>\n<p>[\/et_pb_text][\/et_pb_column][\/et_pb_row][et_pb_row column_structure=&#8221;1_2,1_2&#8243; _builder_version=&#8221;4.6.1&#8243; _module_preset=&#8221;default&#8221; background_image=&#8221;https:\/\/cocosmica.net\/wp-content\/uploads\/2022\/08\/head_01.jpg&#8221; min_height=&#8221;350px&#8221; custom_padding=&#8221;||30px||false|false&#8221;][et_pb_column type=&#8221;1_2&#8243; _builder_version=&#8221;4.6.1&#8243; _module_preset=&#8221;default&#8221;][et_pb_gallery gallery_ids=&#8221;1339&#8243; posts_number=&#8221;1&#8243; show_title_and_caption=&#8221;off&#8221; show_pagination=&#8221;off&#8221; _builder_version=&#8221;4.6.1&#8243; _module_preset=&#8221;default&#8221; transform_scale=&#8221;200%|200%&#8221; transform_origin=&#8221;-10%|10%&#8221;][\/et_pb_gallery][\/et_pb_column][et_pb_column type=&#8221;1_2&#8243; _builder_version=&#8221;4.6.1&#8243; _module_preset=&#8221;default&#8221;][et_pb_gallery gallery_ids=&#8221;1342&#8243; posts_number=&#8221;2&#8243; show_title_and_caption=&#8221;off&#8221; show_pagination=&#8221;off&#8221; _builder_version=&#8221;4.6.1&#8243; _module_preset=&#8221;default&#8221; transform_scale=&#8221;200%|200%&#8221; transform_origin=&#8221;-1%|10%&#8221;][\/et_pb_gallery][\/et_pb_column][\/et_pb_row][\/et_pb_section]<\/p>\n","protected":false},"excerpt":{"rendered":"<p>[et_pb_section fb_built=&#8221;1&#8243; _builder_version=&#8221;4.6.1&#8243; _module_preset=&#8221;default&#8221; background_color=&#8221;rgba(0,0,0,0)&#8221; background_image=&#8221;https:\/\/cocosmica.net\/wp-content\/uploads\/2022\/08\/head_01.jpg&#8221; background_size=&#8221;initial&#8221; background_position=&#8221;top_right&#8221; custom_margin=&#8221;||15px|||&#8221; custom_padding=&#8221;||100px|||&#8221;][et_pb_row _builder_version=&#8221;4.6.1&#8243; _module_preset=&#8221;default&#8221; background_image=&#8221;https:\/\/cocosmica.net\/wp-content\/uploads\/2022\/08\/encabezado_titulo_v3.png&#8221; background_position=&#8221;top_center&#8221; box_shadow_style=&#8221;preset3&#8243; saved_tabs=&#8221;all&#8221;][et_pb_column type=&#8221;4_4&#8243; _builder_version=&#8221;4.6.1&#8243; _module_preset=&#8221;default&#8221;][et_pb_image src=&#8221;https:\/\/cocosmica.net\/wp-content\/uploads\/2022\/08\/sobre_coco.gif&#8221; title_text=&#8221;sobre_coco&#8221; _builder_version=&#8221;4.6.1&#8243; _module_preset=&#8221;default&#8221; width=&#8221;70%&#8221; max_width=&#8221;70%&#8221; custom_css_before=&#8221;content: url(https:\/\/cocosmica.net\/wp-content\/uploads\/2022\/08\/icon_tit_vl.png);||display: block;||position: absolute;||left: -85px;||top: -15px;&#8221;][\/et_pb_image][\/et_pb_column][\/et_pb_row][et_pb_row _builder_version=&#8221;4.6.1&#8243; _module_preset=&#8221;default&#8221;][et_pb_column type=&#8221;4_4&#8243; _builder_version=&#8221;4.6.1&#8243; _module_preset=&#8221;default&#8221;][et_pb_video src=&#8221;https:\/\/cocosmica.net\/wp-content\/uploads\/2023\/02\/00_diagrama_coco.webm&#8221; src_webm=&#8221;https:\/\/cocosmica.net\/wp-content\/uploads\/2023\/02\/00_diagrama_coco.webm&#8221; module_class=&#8221;dm-autoplay&#8221; _builder_version=&#8221;4.6.1&#8243; _module_preset=&#8221;default&#8221; width=&#8221;70%&#8221; module_alignment=&#8221;center&#8221; hover_enabled=&#8221;0&#8243; sticky_enabled=&#8221;0&#8243;][\/et_pb_video][\/et_pb_column][\/et_pb_row][et_pb_row use_custom_gutter=&#8221;on&#8221; gutter_width=&#8221;2&#8243; _builder_version=&#8221;4.6.1&#8243; _module_preset=&#8221;default&#8221; custom_margin=&#8221;0px||||false|false&#8221; custom_padding=&#8221;0px||||false|false&#8221;][et_pb_column type=&#8221;4_4&#8243; _builder_version=&#8221;4.6.1&#8243; _module_preset=&#8221;default&#8221; custom_padding=&#8221;||||false|false&#8221;][et_pb_text [&hellip;]<\/p>\n","protected":false},"author":1,"featured_media":0,"parent":0,"menu_order":0,"comment_status":"closed","ping_status":"closed","template":"","meta":{"_et_pb_use_builder":"on","_et_pb_old_content":"","_et_gb_content_width":"","footnotes":""},"class_list":["post-1335","page","type-page","status-publish","hentry"],"_links":{"self":[{"href":"https:\/\/cocosmica.net\/index.php\/wp-json\/wp\/v2\/pages\/1335","targetHints":{"allow":["GET"]}}],"collection":[{"href":"https:\/\/cocosmica.net\/index.php\/wp-json\/wp\/v2\/pages"}],"about":[{"href":"https:\/\/cocosmica.net\/index.php\/wp-json\/wp\/v2\/types\/page"}],"author":[{"embeddable":true,"href":"https:\/\/cocosmica.net\/index.php\/wp-json\/wp\/v2\/users\/1"}],"replies":[{"embeddable":true,"href":"https:\/\/cocosmica.net\/index.php\/wp-json\/wp\/v2\/comments?post=1335"}],"version-history":[{"count":25,"href":"https:\/\/cocosmica.net\/index.php\/wp-json\/wp\/v2\/pages\/1335\/revisions"}],"predecessor-version":[{"id":2635,"href":"https:\/\/cocosmica.net\/index.php\/wp-json\/wp\/v2\/pages\/1335\/revisions\/2635"}],"wp:attachment":[{"href":"https:\/\/cocosmica.net\/index.php\/wp-json\/wp\/v2\/media?parent=1335"}],"curies":[{"name":"wp","href":"https:\/\/api.w.org\/{rel}","templated":true}]}}